{"id":22,"date":"2014-06-01T00:00:33","date_gmt":"2014-06-01T03:00:33","guid":{"rendered":"http:\/\/oderalon.net\/linguae\/?page_id=22"},"modified":"2017-07-08T16:07:50","modified_gmt":"2017-07-08T16:07:50","slug":"about-2-2","status":"publish","type":"page","link":"https:\/\/oderalon.net\/linguae\/about-2-2\/","title":{"rendered":"My Languages"},"content":{"rendered":"<p style=\"text-align: justify;\">This blog is a place for me to record my activities and progress in the learning of languages. I&#8217;ve been studying and working with the following languages:<\/p>\n<ul>\n<li><a href=\"http:\/\/oderalon.net\/linguae\/index.php\/category\/abaneeng\/\" target=\"_blank\" rel=\"noopener\">Aba\u00f1e&#8217;eng<\/a><\/li>\n<li><a href=\"http:\/\/oderalon.net\/linguae\/index.php\/category\/cestina\/\" target=\"_blank\" rel=\"noopener\">\u010ce\u0161tina<\/a><\/li>\n<li><a href=\"http:\/\/oderalon.net\/linguae\/index.php\/category\/cymraeg\/\" target=\"_blank\" rel=\"noopener\">Cymraeg<\/a><\/li>\n<li><a href=\"http:\/\/oderalon.net\/linguae\/index.php\/category\/deutsch\/\" target=\"_blank\" rel=\"noopener\">Deutsch<\/a><\/li>\n<li><a href=\"http:\/\/oderalon.net\/linguae\/index.php\/category\/yoruba\/\" target=\"_blank\" rel=\"noopener\">\u00c8d\u00e8 Yor\u00f9b\u00e1<\/a><\/li>\n<li><a href=\"http:\/\/oderalon.net\/linguae\/index.php\/category\/english\/\" target=\"_blank\" rel=\"noopener\">English<\/a><\/li>\n<li><a href=\"http:\/\/oderalon.net\/linguae\/index.php\/category\/espanol\/\" target=\"_blank\" rel=\"noopener\">Espa\u00f1ol<\/a><\/li>\n<li><a href=\"http:\/\/oderalon.net\/linguae\/index.php\/category\/esperanto\/\" target=\"_blank\" rel=\"noopener\">Esperanto<\/a><\/li>\n<li><a href=\"http:\/\/oderalon.net\/linguae\/index.php\/category\/foroyskt\/\" target=\"_blank\" rel=\"noopener\">F\u00f8royskt<\/a><\/li>\n<li><a href=\"http:\/\/oderalon.net\/linguae\/index.php\/category\/francais\/\" target=\"_blank\" rel=\"noopener\">Fran\u00e7ais<\/a><\/li>\n<li><a href=\"http:\/\/oderalon.net\/linguae\/index.php\/category\/gaeilge\/\" target=\"_blank\" rel=\"noopener\">Gaeilge<\/a><\/li>\n<li><a href=\"http:\/\/oderalon.net\/linguae\/index.php\/category\/xhosa\/\" target=\"_blank\" rel=\"noopener\">IsiXhosa<\/a><\/li>\n<li><a href=\"http:\/\/oderalon.net\/linguae\/index.php\/category\/italiano\/\" target=\"_blank\" rel=\"noopener\">Italiano<\/a><\/li>\n<li><a href=\"http:\/\/oderalon.net\/linguae\/index.php\/category\/kiswahili\/\" target=\"_blank\" rel=\"noopener\">Kiswahili<\/a><\/li>\n<li><a href=\"http:\/\/oderalon.net\/linguae\/index.php\/category\/latina\/\" target=\"_blank\" rel=\"noopener\">LATINA<\/a><\/li>\n<li><a href=\"http:\/\/oderalon.net\/linguae\/index.php\/category\/lietuviu\/\" target=\"_blank\" rel=\"noopener\">Lietuvi\u0173 kalba<\/a><\/li>\n<li><a href=\"http:\/\/oderalon.net\/linguae\/index.php\/category\/magyar\/\" target=\"_blank\" rel=\"noopener\">Magyar<\/a><\/li>\n<li><a href=\"http:\/\/oderalon.net\/linguae\/index.php\/category\/nederlands\/\" target=\"_blank\" rel=\"noopener\">Nederlands<\/a><\/li>\n<li><a href=\"http:\/\/oderalon.net\/linguae\/index.php\/category\/portugues\/\" target=\"_blank\" rel=\"noopener\">Portugu\u00eas<\/a><\/li>\n<li><a href=\"http:\/\/oderalon.net\/linguae\/index.php\/category\/runasimi\/\" target=\"_blank\" rel=\"noopener\">Runasimi<\/a><\/li>\n<li><a href=\"http:\/\/oderalon.net\/linguae\/index.php\/category\/shqip\/\" target=\"_blank\" rel=\"noopener\">Shqip<\/a><\/li>\n<li><a href=\"http:\/\/oderalon.net\/linguae\/index.php\/category\/slovencina\/\" target=\"_blank\" rel=\"noopener\">Sloven\u010dina<\/a><\/li>\n<li><a href=\"http:\/\/oderalon.net\/linguae\/index.php\/category\/svenska\/\" target=\"_blank\" rel=\"noopener\">Svenska<\/a><\/li>\n<li><a href=\"http:\/\/oderalon.net\/linguae\/index.php\/category\/tiengviet\/\" target=\"_blank\" rel=\"noopener\">Ti\u1ebfng Vi\u1ec7t<\/a><\/li>\n<li><a href=\"http:\/\/oderalon.net\/linguae\/index.php\/category\/turkce\/\" target=\"_blank\" rel=\"noopener\">T\u00fcrk\u00e7e<\/a><\/li>\n<li><a href=\"http:\/\/oderalon.net\/linguae\/index.php\/category\/elinika\/\" target=\"_blank\" rel=\"noopener\">\u0395\u03bb\u03bb\u03b7\u03bd\u03b9\u03ba\u03ac<\/a><\/li>\n<li><a href=\"http:\/\/oderalon.net\/linguae\/index.php\/category\/hellenike\/\" target=\"_blank\" rel=\"noopener\">\u1f19\u03bb\u03bb\u03b7\u03bd\u03b9\u03ba\u03ae<\/a><\/li>\n<li><a href=\"http:\/\/oderalon.net\/linguae\/index.php\/category\/coptic\/\" target=\"_blank\" rel=\"noopener\">\u2ca7\u2c99\u2c9b\u0304\u2ca7\u2ca3\u2c99\u0304\u2c9b\u0304\u2c95\u2c8f\u2c99\u2c89<\/a><\/li>\n<li><a href=\"http:\/\/oderalon.net\/linguae\/index.php\/category\/russki\/\" target=\"_blank\" rel=\"noopener\">\u0420\u0443\u0441\u0441\u043a\u0438\u0439<\/a><\/li>\n<li><a href=\"http:\/\/oderalon.net\/linguae\/index.php\/category\/kartuli\/\" target=\"_blank\" rel=\"noopener\">\u10e5\u10d0\u10e0\u10d7\u10e3\u10da\u10d8<\/a><\/li>\n<li><a href=\"http:\/\/oderalon.net\/linguae\/index.php\/category\/yiddish\/\" target=\"_blank\" rel=\"noopener\">\u05d9\u05d9\u05b4\u05d3\u05d9\u05e9<\/a><\/li>\n<li><a href=\"http:\/\/oderalon.net\/linguae\/index.php\/category\/ivrit\/\" target=\"_blank\" rel=\"noopener\">\u05e2\u05d1\u05e8\u05d9\u05ea<\/a><\/li>\n<li><a href=\"http:\/\/oderalon.net\/linguae\/index.php\/category\/alarabiyyah\/\" target=\"_blank\" rel=\"noopener\"><big>\u0627\u0644\u0639\u064e\u0631\u064e\u0628\u0650\u064a\u0629<\/big><\/a>\u200e<\/li>\n<li><a href=\"http:\/\/oderalon.net\/linguae\/index.php\/category\/farsi\/\" target=\"_blank\" rel=\"noopener\"><big>\u0641\u0627\u0631\u0633\u06cc<\/big><\/a><\/li>\n<li><a href=\"http:\/\/oderalon.net\/linguae\/index.php\/category\/samskrtam\/\" target=\"_blank\" rel=\"noopener\">\u0938\u0902\u0938\u094d\u0915\u0943\u0924\u092e\u094d<\/a><\/li>\n<li><a href=\"http:\/\/oderalon.net\/linguae\/index.php\/category\/hindi-urdu\/\" target=\"_blank\" rel=\"noopener\">\u0939\u093f\u0928\u094d\u0926\u0940 \/ \u0627\u064f\u0631\u062f\u064f\u0648\u200e<\/a><\/li>\n<li><a href=\"http:\/\/oderalon.net\/linguae\/index.php\/category\/telugu\/\" target=\"_blank\" rel=\"noopener\">\u0c24\u0c46\u0c32\u0c41\u0c17\u0c41<\/a><\/li>\n<li><a href=\"http:\/\/oderalon.net\/linguae\/index.php\/category\/thai\/\" target=\"_blank\" rel=\"noopener\">\u0e20\u0e32\u0e29\u0e32\u0e44\u0e17\u0e22<\/a><\/li>\n<li><a href=\"http:\/\/oderalon.net\/linguae\/index.php\/category\/hankuko\/\" target=\"_blank\" rel=\"noopener\">\ud55c\uad6d\uc5b4<\/a><\/li>\n<li><a href=\"http:\/\/oderalon.net\/linguae\/index.php\/category\/akkadu\/\" target=\"_blank\" rel=\"noopener\">\ud808\udc1d\ud808\udd57\ud808\udc7a\ud808\udf11<\/a><\/li>\n<li><a href=\"http:\/\/oderalon.net\/linguae\/index.php\/category\/rnkmt\/\" target=\"_blank\" rel=\"noopener\"><b style=\"font-size: 200%;\">\ud80c\udc8b\ud80c\udffa\ud80c\ude16\ud80c\udd8e\ud80c\udd53\ud80c\udfcf\ud80c\ude96<\/b><\/a><\/li>\n<li><a href=\"http:\/\/oderalon.net\/linguae\/index.php\/category\/zhongwen\/\" target=\"_blank\" rel=\"noopener\">\u4e2d\u6587<\/a><\/li>\n<li><a href=\"http:\/\/oderalon.net\/linguae\/index.php\/category\/nihongo\/\" target=\"_blank\" rel=\"noopener\">\u65e5\u672c\u8a9e<\/a><\/li>\n<\/ul>\n<p style=\"text-align: justify;\">Please understand that the content of this blog is not intended to be authoritative; it reflects the point of view of a student of these languages.<\/p>\n<p>&nbsp;<\/p>\n<figure style=\"width: 751px\" class=\"wp-caption aligncenter\"><img loading=\"lazy\" decoding=\"async\" src=\"http:\/\/upload.wikimedia.org\/wikipedia\/commons\/c\/ca\/Globe_of_language.png\" alt=\"Languages.\" width=\"751\" height=\"396\" \/><figcaption class=\"wp-caption-text\">Languages.<\/figcaption><\/figure>\n","protected":false},"excerpt":{"rendered":"<p>This blog is a place for me to record my activities and progress in the learning of languages. I&#8217;ve been studying and working with the following languages: Aba\u00f1e&#8217;eng \u010ce\u0161tina Cymraeg Deutsch \u00c8d\u00e8 Yor\u00f9b\u00e1 English Espa\u00f1ol Esperanto F\u00f8royskt Fran\u00e7ais Gaeilge IsiXhosa Italiano Kiswahili LATINA Lietuvi\u0173 kalba Magyar Nederlands Portugu\u00eas Runasimi Shqip Sloven\u010dina Svenska Ti\u1ebfng Vi\u1ec7t T\u00fcrk\u00e7e &hellip; <a href=\"https:\/\/oderalon.net\/linguae\/about-2-2\/\" class=\"more-link\">Continue reading <span class=\"screen-reader-text\">My Languages<\/span> <span class=\"meta-nav\">&rarr;<\/span><\/a><\/p>\n","protected":false},"author":1,"featured_media":0,"parent":0,"menu_order":0,"comment_status":"open","ping_status":"closed","template":"","meta":{"footnotes":""},"_links":{"self":[{"href":"https:\/\/oderalon.net\/linguae\/wp-json\/wp\/v2\/pages\/22"}],"collection":[{"href":"https:\/\/oderalon.net\/linguae\/wp-json\/wp\/v2\/pages"}],"about":[{"href":"https:\/\/oderalon.net\/linguae\/wp-json\/wp\/v2\/types\/page"}],"author":[{"embeddable":true,"href":"https:\/\/oderalon.net\/linguae\/wp-json\/wp\/v2\/users\/1"}],"replies":[{"embeddable":true,"href":"https:\/\/oderalon.net\/linguae\/wp-json\/wp\/v2\/comments?post=22"}],"version-history":[{"count":3,"href":"https:\/\/oderalon.net\/linguae\/wp-json\/wp\/v2\/pages\/22\/revisions"}],"predecessor-version":[{"id":3773,"href":"https:\/\/oderalon.net\/linguae\/wp-json\/wp\/v2\/pages\/22\/revisions\/3773"}],"wp:attachment":[{"href":"https:\/\/oderalon.net\/linguae\/wp-json\/wp\/v2\/media?parent=22"}],"curies":[{"name":"wp","href":"https:\/\/api.w.org\/{rel}","templated":true}]}}